{"id":2788,"date":"2021-05-17T16:09:49","date_gmt":"2021-05-17T16:09:49","guid":{"rendered":"https:\/\/hotel-hirsch-prediger.de\/?page_id=2788"},"modified":"2021-05-18T16:02:54","modified_gmt":"2021-05-18T16:02:54","slug":"hochzeiten","status":"publish","type":"page","link":"https:\/\/hotel-hirsch-prediger.de\/?page_id=2788","title":{"rendered":"Hochzeiten"},"content":{"rendered":"\t\t<div data-elementor-type=\"wp-page\" data-elementor-id=\"2788\" class=\"elementor elementor-2788\" data-elementor-post-type=\"page\">\n\t\t\t\t\t\t<section class=\"elementor-section elementor-top-section elementor-element elementor-element-54b2f119 elementor-section-stretched elementor-section-boxed elementor-section-height-default elementor-section-height-default\" data-id=\"54b2f119\" data-element_type=\"section\" data-e-type=\"section\" data-settings=\"{&quot;background_background&quot;:&quot;classic&quot;,&quot;stretch_section&quot;:&quot;section-stretched&quot;}\">\n\t\t\t\t\t\t\t<div class=\"elementor-background-overlay\"><\/div>\n\t\t\t\t\t\t\t<div class=\"elementor-container elementor-column-gap-default\">\n\t\t\t\t\t<div class=\"elementor-column elementor-col-100 elementor-top-column elementor-element elementor-element-4682191d\" data-id=\"4682191d\" data-element_type=\"column\" data-e-type=\"column\">\n\t\t\t<div class=\"elementor-widget-wrap elementor-element-populated\">\n\t\t\t\t\t\t<div class=\"elementor-element elementor-element-78633384 elementor-widget elementor-widget-heading\" data-id=\"78633384\" data-element_type=\"widget\" data-e-type=\"widget\" data-widget_type=\"heading.default\">\n\t\t\t\t<div class=\"elementor-widget-container\">\n\t\t\t\t\t<h1 class=\"elementor-heading-title elementor-size-default\">Der sch\u00f6nste Tag im Leben!<\/h1>\t\t\t\t<\/div>\n\t\t\t\t<\/div>\n\t\t\t\t\t<\/div>\n\t\t<\/div>\n\t\t\t\t\t<\/div>\n\t\t<\/section>\n\t\t\t\t<section class=\"elementor-section elementor-top-section elementor-element elementor-element-75bbdd78 elementor-section-stretched elementor-section-boxed elementor-section-height-default elementor-section-height-default\" data-id=\"75bbdd78\" data-element_type=\"section\" data-e-type=\"section\" data-settings=\"{&quot;stretch_section&quot;:&quot;section-stretched&quot;}\">\n\t\t\t\t\t\t<div class=\"elementor-container elementor-column-gap-default\">\n\t\t\t\t\t<div class=\"elementor-column elementor-col-66 elementor-top-column elementor-element elementor-element-1d15a39c\" data-id=\"1d15a39c\" data-element_type=\"column\" data-e-type=\"column\">\n\t\t\t<div class=\"elementor-widget-wrap elementor-element-populated\">\n\t\t\t\t\t\t<div class=\"elementor-element elementor-element-f594f06 elementor-arrows-position-inside elementor-widget elementor-widget-image-carousel\" data-id=\"f594f06\" data-element_type=\"widget\" data-e-type=\"widget\" data-settings=\"{&quot;slides_to_show&quot;:&quot;1&quot;,&quot;navigation&quot;:&quot;arrows&quot;,&quot;autoplay&quot;:&quot;yes&quot;,&quot;pause_on_hover&quot;:&quot;yes&quot;,&quot;pause_on_interaction&quot;:&quot;yes&quot;,&quot;autoplay_speed&quot;:5000,&quot;infinite&quot;:&quot;yes&quot;,&quot;effect&quot;:&quot;slide&quot;,&quot;speed&quot;:500}\" data-widget_type=\"image-carousel.default\">\n\t\t\t\t<div class=\"elementor-widget-container\">\n\t\t\t\t\t\t\t<div class=\"elementor-image-carousel-wrapper swiper\" role=\"region\" aria-roledescription=\"carousel\" aria-label=\"Bild Karussell\" dir=\"ltr\">\n\t\t\t<div class=\"elementor-image-carousel swiper-wrapper swiper-image-stretch\" aria-live=\"off\">\n\t\t\t\t\t\t\t\t<div class=\"swiper-slide\" role=\"group\" aria-roledescription=\"slide\" aria-label=\"1 von 2\"><a data-elementor-open-lightbox=\"yes\" data-elementor-lightbox-slideshow=\"f594f06\" data-elementor-lightbox-title=\"w3\" data-e-action-hash=\"#elementor-action%3Aaction%3Dlightbox%26settings%3DeyJpZCI6MzEwMSwidXJsIjoiaHR0cHM6XC9cL2hvdGVsLWhpcnNjaC1wcmVkaWdlci5kZVwvd3AtY29udGVudFwvdXBsb2Fkc1wvMjAyMVwvMDVcL3czLTEtc2NhbGVkLmpwZyIsInNsaWRlc2hvdyI6ImY1OTRmMDYifQ%3D%3D\" href=\"https:\/\/hotel-hirsch-prediger.de\/wp-content\/uploads\/2021\/05\/w3-1-scaled.jpg\"><figure class=\"swiper-slide-inner\"><img decoding=\"async\" class=\"swiper-slide-image\" src=\"https:\/\/hotel-hirsch-prediger.de\/wp-content\/uploads\/2021\/05\/w3-1-scaled.jpg\" alt=\"w3\" \/><\/figure><\/a><\/div><div class=\"swiper-slide\" role=\"group\" aria-roledescription=\"slide\" aria-label=\"2 von 2\"><a data-elementor-open-lightbox=\"yes\" data-elementor-lightbox-slideshow=\"f594f06\" data-elementor-lightbox-title=\"w2\" data-e-action-hash=\"#elementor-action%3Aaction%3Dlightbox%26settings%3DeyJpZCI6MzA5OSwidXJsIjoiaHR0cHM6XC9cL2hvdGVsLWhpcnNjaC1wcmVkaWdlci5kZVwvd3AtY29udGVudFwvdXBsb2Fkc1wvMjAyMVwvMDVcL3cyLXNjYWxlZC5qcGciLCJzbGlkZXNob3ciOiJmNTk0ZjA2In0%3D\" href=\"https:\/\/hotel-hirsch-prediger.de\/wp-content\/uploads\/2021\/05\/w2-scaled.jpg\"><figure class=\"swiper-slide-inner\"><img decoding=\"async\" class=\"swiper-slide-image\" src=\"https:\/\/hotel-hirsch-prediger.de\/wp-content\/uploads\/2021\/05\/w2-scaled.jpg\" alt=\"w2\" \/><\/figure><\/a><\/div>\t\t\t<\/div>\n\t\t\t\t\t\t\t\t\t\t\t\t<div class=\"elementor-swiper-button elementor-swiper-button-prev\" role=\"button\" tabindex=\"0\">\n\t\t\t\t\t\t<i aria-hidden=\"true\" class=\"eicon-chevron-left\"><\/i>\t\t\t\t\t<\/div>\n\t\t\t\t\t<div class=\"elementor-swiper-button elementor-swiper-button-next\" role=\"button\" tabindex=\"0\">\n\t\t\t\t\t\t<i aria-hidden=\"true\" class=\"eicon-chevron-right\"><\/i>\t\t\t\t\t<\/div>\n\t\t\t\t\n\t\t\t\t\t\t\t\t\t<\/div>\n\t\t\t\t\t\t<\/div>\n\t\t\t\t<\/div>\n\t\t\t\t<div class=\"elementor-element elementor-element-7c1a46f5 elementor-widget elementor-widget-heading\" data-id=\"7c1a46f5\" data-element_type=\"widget\" data-e-type=\"widget\" data-widget_type=\"heading.default\">\n\t\t\t\t<div class=\"elementor-widget-container\">\n\t\t\t\t\t<h2 class=\"elementor-heading-title elementor-size-default\">Hochzeiten<\/h2>\t\t\t\t<\/div>\n\t\t\t\t<\/div>\n\t\t\t\t<div class=\"elementor-element elementor-element-554c3e8f elementor-widget elementor-widget-text-editor\" data-id=\"554c3e8f\" data-element_type=\"widget\" data-e-type=\"widget\" data-widget_type=\"text-editor.default\">\n\t\t\t\t<div class=\"elementor-widget-container\">\n\t\t\t\t\t\t\t\t\t<p>Eine Hochzeit ist der Beginn eines gemeinsamen Lebens.\u00a0<\/p><p>Sehr gerne sorgen wir daf\u00fcr, dass die Hochzeit genau so wird,\u00a0wie es sich das Brautpaar vorstellt: Unvergesslich und wundersch\u00f6n.<\/p><p><i><br \/>Traumhafte Erinnerungen\u00a0<\/i><\/p><p>Wir sind gerne f\u00fcr Sie da und beraten Sie immer zu Ihrem Wohl.\u00a0Begr\u00fc\u00dfen Sie Ihre G\u00e4ste bei einem Sektempfang vor unserem Hotel.\u00a0Am Abend verw\u00f6hnen wir Ihre G\u00e4ste in unserem Restaurant,\u00a0welches Platz f\u00fcr bis zu 90 Personen bietet, mit einem von Ihnen\u00a0ausgesuchten G\u00e4nge-Men\u00fc oder einem abgesprochenen Buffet.\u00a0Die Raumdekoration wird nat\u00fcrlich mit Ihnen abgesprochen, ausgesucht\u00a0und abgestimmt. Ihre W\u00fcnsche stehen bei uns im Vordergrund.\u00a0Sehr gerne beraten wir Sie umfangreich \u00fcber unsere Location\u00a0und nat\u00fcrlich auch \u00fcber die wichtigen und weniger wichtigen\u00a0Dinge am sch\u00f6nsten Tag des Lebens.\u00a0Wir freuen uns auf Ihre Anfrage.<\/p><p>\u00a0<\/p><p><b>Die richtige Planung<\/b><\/p><p>Eine ganze Menge neuer Entscheidungen,\u00a0welche einen bei einer un\u00fcberlegten Planung schnell erschlagen k\u00f6nnen.\u00a0Wir haben f\u00fcr Sie eine kleine &#8222;To-Do-Liste&#8220; erstellt,\u00a0damit das wesentliche nicht in Vergessenheit ger\u00e4t.<\/p><p>Sollten Sie weitere Unterst\u00fctzung ben\u00f6tigen, helfen wir Ihnen sehr gerne weiter!<\/p><p>\u00a0<\/p><p><b>10 &#8211; 8 Monate vor der Hochzeit<\/b><\/p><p>Legen Sie einen Hochzeitstermin fest<\/p><p>Machen Sie eine grobe Planung Ihrer Hochzeit<\/p><p>&#8211; Wie viele G\u00e4ste m\u00f6chten Sie einladen?<\/p><p>&#8211; Wie hoch ist das Budget f\u00fcr die Hochzeit<\/p><p>&#8211; Wo w\u00e4re ein geeigneter Ort zum Feiern (Restaurant)<\/p><p>&#8211; Konditoreien anschauen (Hochzeitstorte)<\/p><p>&#8211; Trauzeugen aussuchen<\/p><p>F\u00fcr eine Hochzeitsreise ohne \u00dcberraschungen:<\/p><p>Vergessen Sie nicht rechtzeitig Urlaub beim Arbeitgeber einzureichen \ud83d\ude09<\/p><p>\u00a0<\/p><p><b>8 &#8211; 4 Monate vor der Hochzeit<\/b><\/p><p>W\u00e4hlen Sie Ihre Eheringe aus\u00a0Planen und buchen Sie Ihre Hochzeitsreise<\/p><p>Shoppen: Hochzeitskleidung einkaufen!<\/p><p>Hochzeitsfotograf ausw\u00e4hlen<\/p><p>Genaue Hochzeitsplanung anfangen<\/p><p>&#8211; Evtl. Hochzeitsplaner involvieren<\/p><p>Hochzeitseinladungen gestalten (lassen)<\/p><p>&#8211; Anschlie\u00dfend an die G\u00e4ste versenden<\/p><p>Restaurant \/ Hotel ausw\u00e4hlen<\/p><ul><li>Genaues Men\u00fc ausw\u00e4hlen<\/li><\/ul><p>\u00a0<\/p><p><b>2 &#8211; 1 Monat(e) vor der Hochzeit<\/b><\/p><p>Planen Sie Ihren Polterabend<\/p><p>&#8211; Laden Sie zum Polterabend ein<\/p><p>Suchen Sie sich die genaue Hochzeitstorte auf<\/p><p>&#8211; Konditor Termin (Deadline) vorgeben!<\/p><p>Zu- &amp; Absagen der G\u00e4ste planen<\/p><p>Planen Sie den Ablauf des Hochzeitstages<\/p><p>&#8211; Stunden-Tabelle anlegen<\/p><p>&#8211; Wer sitzt neben wem? Tischkarten anlegen!<\/p><p>Termine bei Friseur, Kosmetiker etc. ausmachen!<\/p><p>\u00a0<\/p><p><b>14 &#8211; 1 Tag(e) vor der Hochzeit<\/b><\/p><p>Hier gilt nur eines:<\/p><p>Gehen Sie alles nochmals durch und schauen Sie ob irgendetwas vergessen wurde.<\/p><p>\u00a0<\/p><p>Anschlie\u00dfend:<\/p><p>Ruhe bewahren! Wir w\u00fcnschen allen Brautpaaren viel Gl\u00fcck!<\/p><p><b>Professionelle Fotografie<\/b> &#8211; sch\u00f6ne Erinnerungen die bleiben!<\/p><p>Sehr gerne vermitteln wir Ihnen den Kontakt zu einem\u00a0professionellen Hochzeitsfotografen.<\/p><p>Ihre W\u00fcnsche und Bed\u00fcrfnisse werden professionell umgesetzt.\u00a0Dadurch bleiben die sch\u00f6nsten Erinnerung ewig erhalten. Wir beraten Sie sehr gerne.<\/p><p>\u00a0<\/p><p><b>Umgebung<\/b><\/p><p>Unsere Umgebung &amp; Geschichte | Ausfl\u00fcge in und um R\u00f6mhild<\/p><p>In der n\u00e4heren Umgebung gibt es viel zu Erleben und genug Freizeitaktivit\u00e4ten um Ihren Urlaub interaktiv zu gestalten.\u00a0Wir haben Ihnen eine Auswahl an Aktivit\u00e4ten bereitgestellt. Sollten Sie weitere Anregungen oder Fragen haben, sprechen Sie uns einfach\u00a0pers\u00f6nlich darauf an.<\/p>\t\t\t\t\t\t\t\t<\/div>\n\t\t\t\t<\/div>\n\t\t\t\t<div class=\"elementor-element elementor-element-64b19149 elementor-mobile-align-justify elementor-widget elementor-widget-button\" data-id=\"64b19149\" data-element_type=\"widget\" data-e-type=\"widget\" data-widget_type=\"button.default\">\n\t\t\t\t<div class=\"elementor-widget-container\">\n\t\t\t\t\t\t\t\t\t<div class=\"elementor-button-wrapper\">\n\t\t\t\t\t<a class=\"elementor-button elementor-button-link elementor-size-sm elementor-animation-shrink\" href=\"https:\/\/hotel-hirsch-prediger.de\/?page_id=2794\">\n\t\t\t\t\t\t<span class=\"elementor-button-content-wrapper\">\n\t\t\t\t\t\t\t\t\t<span class=\"elementor-button-text\">Termin anfragen!<\/span>\n\t\t\t\t\t<\/span>\n\t\t\t\t\t<\/a>\n\t\t\t\t<\/div>\n\t\t\t\t\t\t\t\t<\/div>\n\t\t\t\t<\/div>\n\t\t\t\t\t<\/div>\n\t\t<\/div>\n\t\t\t\t<div class=\"elementor-column elementor-col-33 elementor-top-column elementor-element elementor-element-1571b2a5\" data-id=\"1571b2a5\" data-element_type=\"column\" data-e-type=\"column\">\n\t\t\t<div class=\"elementor-widget-wrap\">\n\t\t\t\t\t\t\t<\/div>\n\t\t<\/div>\n\t\t\t\t\t<\/div>\n\t\t<\/section>\n\t\t\t\t<\/div>\n\t\t","protected":false},"excerpt":{"rendered":"<p>Der sch\u00f6nste Tag im Leben! Zur\u00fcck Weiter Eine Hochzeit ist der Beginn eines gemeinsamen Lebens.\u00a0 Sehr gerne sorgen wir daf\u00fcr, dass die Hochzeit genau so wird,\u00a0wie es sich das Brautpaar vorstellt: Unvergesslich und wundersch\u00f6n. Traumhafte Erinnerungen\u00a0 Wir sind gerne f\u00fcr Sie da und beraten Sie immer zu Ihrem Wohl.\u00a0Begr\u00fc\u00dfen Sie Ihre G\u00e4ste bei einem Sektempfang&hellip; <a class=\"more-link\" href=\"https:\/\/hotel-hirsch-prediger.de\/?page_id=2788\"><span class=\"screen-reader-text\">Hochzeiten<\/span> weiterlesen<\/a><\/p>\n","protected":false},"author":1,"featured_media":0,"parent":0,"menu_order":0,"comment_status":"closed","ping_status":"closed","template":"","meta":{"footnotes":""},"class_list":["post-2788","page","type-page","status-publish","hentry","entry"],"_links":{"self":[{"href":"https:\/\/hotel-hirsch-prediger.de\/index.php?rest_route=\/wp\/v2\/pages\/2788","targetHints":{"allow":["GET"]}}],"collection":[{"href":"https:\/\/hotel-hirsch-prediger.de\/index.php?rest_route=\/wp\/v2\/pages"}],"about":[{"href":"https:\/\/hotel-hirsch-prediger.de\/index.php?rest_route=\/wp\/v2\/types\/page"}],"author":[{"embeddable":true,"href":"https:\/\/hotel-hirsch-prediger.de\/index.php?rest_route=\/wp\/v2\/users\/1"}],"replies":[{"embeddable":true,"href":"https:\/\/hotel-hirsch-prediger.de\/index.php?rest_route=%2Fwp%2Fv2%2Fcomments&post=2788"}],"version-history":[{"count":7,"href":"https:\/\/hotel-hirsch-prediger.de\/index.php?rest_route=\/wp\/v2\/pages\/2788\/revisions"}],"predecessor-version":[{"id":3104,"href":"https:\/\/hotel-hirsch-prediger.de\/index.php?rest_route=\/wp\/v2\/pages\/2788\/revisions\/3104"}],"wp:attachment":[{"href":"https:\/\/hotel-hirsch-prediger.de\/index.php?rest_route=%2Fwp%2Fv2%2Fmedia&parent=2788"}],"curies":[{"name":"wp","href":"https:\/\/api.w.org\/{rel}","templated":true}]}}