{"id":2796,"date":"2021-05-17T16:11:38","date_gmt":"2021-05-17T16:11:38","guid":{"rendered":"https:\/\/hotel-hirsch-prediger.de\/?page_id=2796"},"modified":"2025-10-07T10:20:27","modified_gmt":"2025-10-07T10:20:27","slug":"impressum","status":"publish","type":"page","link":"https:\/\/hotel-hirsch-prediger.de\/?page_id=2796","title":{"rendered":"Impressum"},"content":{"rendered":"\t\t<div data-elementor-type=\"wp-page\" data-elementor-id=\"2796\" class=\"elementor elementor-2796\" data-elementor-post-type=\"page\">\n\t\t\t\t\t\t<section class=\"elementor-section elementor-top-section elementor-element elementor-element-4845d45 elementor-section-stretched elementor-section-boxed elementor-section-height-default elementor-section-height-default\" data-id=\"4845d45\" data-element_type=\"section\" data-e-type=\"section\" data-settings=\"{&quot;background_background&quot;:&quot;classic&quot;,&quot;stretch_section&quot;:&quot;section-stretched&quot;}\">\n\t\t\t\t\t\t\t<div class=\"elementor-background-overlay\"><\/div>\n\t\t\t\t\t\t\t<div class=\"elementor-container elementor-column-gap-default\">\n\t\t\t\t\t<div class=\"elementor-column elementor-col-100 elementor-top-column elementor-element elementor-element-31f3c5b4\" data-id=\"31f3c5b4\" data-element_type=\"column\" data-e-type=\"column\">\n\t\t\t<div class=\"elementor-widget-wrap elementor-element-populated\">\n\t\t\t\t\t\t<div class=\"elementor-element elementor-element-3bb23c93 elementor-widget elementor-widget-heading\" data-id=\"3bb23c93\" data-element_type=\"widget\" data-e-type=\"widget\" data-widget_type=\"heading.default\">\n\t\t\t\t<div class=\"elementor-widget-container\">\n\t\t\t\t\t<h1 class=\"elementor-heading-title elementor-size-default\">Impressum<\/h1>\t\t\t\t<\/div>\n\t\t\t\t<\/div>\n\t\t\t\t\t<\/div>\n\t\t<\/div>\n\t\t\t\t\t<\/div>\n\t\t<\/section>\n\t\t\t\t<section class=\"elementor-section elementor-top-section elementor-element elementor-element-274f012e elementor-section-content-middle elementor-reverse-tablet elementor-section-stretched elementor-section-boxed elementor-section-height-default elementor-section-height-default\" data-id=\"274f012e\" data-element_type=\"section\" data-e-type=\"section\" data-settings=\"{&quot;stretch_section&quot;:&quot;section-stretched&quot;}\">\n\t\t\t\t\t\t<div class=\"elementor-container elementor-column-gap-default\">\n\t\t\t\t\t<div class=\"elementor-column elementor-col-100 elementor-top-column elementor-element elementor-element-2d25a959\" data-id=\"2d25a959\" data-element_type=\"column\" data-e-type=\"column\">\n\t\t\t<div class=\"elementor-widget-wrap elementor-element-populated\">\n\t\t\t\t\t\t<div class=\"elementor-element elementor-element-46f05d99 elementor-widget elementor-widget-heading\" data-id=\"46f05d99\" data-element_type=\"widget\" data-e-type=\"widget\" data-widget_type=\"heading.default\">\n\t\t\t\t<div class=\"elementor-widget-container\">\n\t\t\t\t\t<h2 class=\"elementor-heading-title elementor-size-default\">Impressum\n<\/h2>\t\t\t\t<\/div>\n\t\t\t\t<\/div>\n\t\t\t\t<div class=\"elementor-element elementor-element-3b248250 elementor-widget-divider--view-line elementor-widget elementor-widget-divider\" data-id=\"3b248250\" data-element_type=\"widget\" data-e-type=\"widget\" data-widget_type=\"divider.default\">\n\t\t\t\t<div class=\"elementor-widget-container\">\n\t\t\t\t\t\t\t<div class=\"elementor-divider\">\n\t\t\t<span class=\"elementor-divider-separator\">\n\t\t\t\t\t\t<\/span>\n\t\t<\/div>\n\t\t\t\t\t\t<\/div>\n\t\t\t\t<\/div>\n\t\t\t\t<div class=\"elementor-element elementor-element-fa2ee2b elementor-widget elementor-widget-heading\" data-id=\"fa2ee2b\" data-element_type=\"widget\" data-e-type=\"widget\" data-widget_type=\"heading.default\">\n\t\t\t\t<div class=\"elementor-widget-container\">\n\t\t\t\t\t<h2 class=\"elementor-heading-title elementor-size-default\">Rechtliche Pflichtangaben nach \u00a75 TMG \/ rechtliche Informationen\n<\/h2>\t\t\t\t<\/div>\n\t\t\t\t<\/div>\n\t\t\t\t<div class=\"elementor-element elementor-element-ea7333 elementor-widget elementor-widget-text-editor\" data-id=\"ea7333\" data-element_type=\"widget\" data-e-type=\"widget\" data-widget_type=\"text-editor.default\">\n\t\t\t\t<div class=\"elementor-widget-container\">\n\t\t\t\t\t\t\t\t\t<p><strong>Hotel &amp; Restaurant \u201eZum Hirsch\u201c e.K.<\/strong><\/p><p>Inhaber: Nicole Prediger<\/p><p>\u00a0<\/p><p>Adresse:<\/p><p>Heurichstra\u00dfe 32 in 98630 R\u00f6mhild<\/p><p>Telefon: <a href=\"tel:+4969488680\">036948 8680<\/a><\/p><p>Fax: 036948 868333<\/p><p>\u00a0<\/p><p>E-Mail: <a href=\"mailto:info@hotell-hirsch-prediger.de\">info@hotel-hirsch-prediger.de<\/a><\/p><p>Internet: <a href=\"https:\/\/hotel-hirsch-prediger.de\/\">www.hotel-hirsch-prediger.de<\/a><\/p><p>\u00a0<\/p><p>Inhaltlich verantwortlich:<\/p><p>Familie Prediger (Gesch\u00e4ftsinhaber)<\/p><p>Gesellschaftsform: eingetragener Kaufmann<\/p><p>Registernummer: HRA 1704<\/p><p>Zust\u00e4ndiges Finanzamt: Sonneberg<\/p><p>USt-Ident-Nr: DE230386656\u00a0<br \/><br \/>Steuernummer:<br \/>170\/258\/01970<\/p><p>Gerichtsstand: Amtsgericht Meiningen<\/p><p>Streitschlichtung:<\/p><p>Wir sind nicht bereit oder verpflichtet, an Streitbeilegungsverfahren vor einer Verbraucherschlichtungsstelle teilzunehmen.<\/p><p>Haftung f\u00fcr Inhalte:<\/p><p>Als Diensteanbieter sind wir gem\u00e4\u00df \u00a7 7 Abs.1 TMG f\u00fcr eigene Inhalte auf diesen Seiten nach den allgemeinen Gesetzen verantwortlich. Nach \u00a7\u00a7 8 bis 10 TMG sind wir als Diensteanbieter jedoch nicht verpflichtet, \u00fcbermittelte oder gespeicherte fremde Informationen zu \u00fcberwachen oder nach Umst\u00e4nden zu forschen, die auf eine rechtswidrige T\u00e4tigkeit hinweisen.<\/p><p>Verpflichtungen zur Entfernung oder Sperrung der Nutzung von Informationen nach den allgemeinen Gesetzen bleiben hiervon unber\u00fchrt. Eine diesbez\u00fcgliche Haftung ist jedoch erst ab dem Zeitpunkt der Kenntnis einer konkreten Rechtsverletzung m\u00f6glich. Bei Bekanntwerden von entsprechenden Rechtsverletzungen werden wir diese Inhalte umgehend entfernen.<\/p><p>Haftung f\u00fcr Links:<\/p><p>Unser Angebot enth\u00e4lt Links zu externen Websites Dritter, auf deren Inhalte wir keinen Einfluss haben. Deshalb k\u00f6nnen wir f\u00fcr diese fremden Inhalte auch keine Gew\u00e4hr \u00fcbernehmen. F\u00fcr die Inhalte der verlinkten Seiten ist stets der jeweilige Anbieter oder Betreiber der Seiten verantwortlich. Die verlinkten Seiten wurden zum Zeitpunkt der Verlinkung auf m\u00f6gliche Rechtsverst\u00f6\u00dfe \u00fcberpr\u00fcft. Rechtswidrige Inhalte waren zum Zeitpunkt der Verlinkung nicht erkennbar. Eine permanente inhaltliche Kontrolle der verlinkten Seiten ist jedoch ohne konkrete Anhaltspunkte einer Rechtsverletzung nicht zumutbar. Bei Bekanntwerden von Rechtsverletzungen werden wir derartige Links umgehend entfernen.<\/p><p>Urheberrecht:<\/p><p>Die durch die Seitenbetreiber erstellten Inhalte und Werke auf diesen Seiten unterliegen dem deutschen Urheberrecht. Die Vervielf\u00e4ltigung, Bearbeitung, Verbreitung und jede Art der Verwertung au\u00dferhalb der Grenzen des Urheberrechtes bed\u00fcrfen der schriftlichen Zustimmung des jeweiligen Autors bzw. Erstellers. Downloads und Kopien dieser Seite sind nur f\u00fcr den privaten, nicht kommerziellen Gebrauch gestattet. Soweit die Inhalte auf dieser Seite nicht vom Betreiber erstellt wurden, werden die Urheberrechte Dritter beachtet. Insbesondere werden Inhalte Dritter als solche gekennzeichnet. Sollten Sie trotzdem auf eine Urheberrechtsverletzung aufmerksam werden, bitten wir um einen entsprechenden Hinweis. Bei Bekanntwerden von Rechtsverletzungen werden wir derartige Inhalte umgehend entfernen.<\/p><p>Quelle: <a href=\"https:\/\/www.e-recht24.de\/\">eRecht24<\/a><\/p><p>\u00a0<\/p>\t\t\t\t\t\t\t\t<\/div>\n\t\t\t\t<\/div>\n\t\t\t\t\t<\/div>\n\t\t<\/div>\n\t\t\t\t\t<\/div>\n\t\t<\/section>\n\t\t\t\t<\/div>\n\t\t","protected":false},"excerpt":{"rendered":"<p>Impressum Impressum Rechtliche Pflichtangaben nach \u00a75 TMG \/ rechtliche Informationen Hotel &amp; Restaurant \u201eZum Hirsch\u201c e.K. Inhaber: Nicole Prediger \u00a0 Adresse: Heurichstra\u00dfe 32 in 98630 R\u00f6mhild Telefon: 036948 8680 Fax: 036948 868333 \u00a0 E-Mail: info@hotel-hirsch-prediger.de Internet: www.hotel-hirsch-prediger.de \u00a0 Inhaltlich verantwortlich: Familie Prediger (Gesch\u00e4ftsinhaber) Gesellschaftsform: eingetragener Kaufmann Registernummer: HRA 1704 Zust\u00e4ndiges Finanzamt: Sonneberg USt-Ident-Nr: DE230386656\u00a0 Steuernummer:170\/258\/01970&hellip; <a class=\"more-link\" href=\"https:\/\/hotel-hirsch-prediger.de\/?page_id=2796\"><span class=\"screen-reader-text\">Impressum<\/span> weiterlesen<\/a><\/p>\n","protected":false},"author":1,"featured_media":0,"parent":0,"menu_order":0,"comment_status":"closed","ping_status":"closed","template":"","meta":{"footnotes":""},"class_list":["post-2796","page","type-page","status-publish","hentry","entry"],"_links":{"self":[{"href":"https:\/\/hotel-hirsch-prediger.de\/index.php?rest_route=\/wp\/v2\/pages\/2796","targetHints":{"allow":["GET"]}}],"collection":[{"href":"https:\/\/hotel-hirsch-prediger.de\/index.php?rest_route=\/wp\/v2\/pages"}],"about":[{"href":"https:\/\/hotel-hirsch-prediger.de\/index.php?rest_route=\/wp\/v2\/types\/page"}],"author":[{"embeddable":true,"href":"https:\/\/hotel-hirsch-prediger.de\/index.php?rest_route=\/wp\/v2\/users\/1"}],"replies":[{"embeddable":true,"href":"https:\/\/hotel-hirsch-prediger.de\/index.php?rest_route=%2Fwp%2Fv2%2Fcomments&post=2796"}],"version-history":[{"count":10,"href":"https:\/\/hotel-hirsch-prediger.de\/index.php?rest_route=\/wp\/v2\/pages\/2796\/revisions"}],"predecessor-version":[{"id":3589,"href":"https:\/\/hotel-hirsch-prediger.de\/index.php?rest_route=\/wp\/v2\/pages\/2796\/revisions\/3589"}],"wp:attachment":[{"href":"https:\/\/hotel-hirsch-prediger.de\/index.php?rest_route=%2Fwp%2Fv2%2Fmedia&parent=2796"}],"curies":[{"name":"wp","href":"https:\/\/api.w.org\/{rel}","templated":true}]}}