{"id":2802,"date":"2021-05-17T16:12:36","date_gmt":"2021-05-17T16:12:36","guid":{"rendered":"https:\/\/hotel-hirsch-prediger.de\/?page_id=2802"},"modified":"2021-06-15T13:49:18","modified_gmt":"2021-06-15T13:49:18","slug":"motorradtouren","status":"publish","type":"page","link":"https:\/\/hotel-hirsch-prediger.de\/?page_id=2802","title":{"rendered":"Motorradtouren"},"content":{"rendered":"\t\t<div data-elementor-type=\"wp-page\" data-elementor-id=\"2802\" class=\"elementor elementor-2802\" data-elementor-post-type=\"page\">\n\t\t\t\t\t\t<section class=\"elementor-section elementor-top-section elementor-element elementor-element-3e3fbaf5 elementor-section-stretched elementor-section-boxed elementor-section-height-default elementor-section-height-default\" data-id=\"3e3fbaf5\" data-element_type=\"section\" data-e-type=\"section\" data-settings=\"{&quot;background_background&quot;:&quot;classic&quot;,&quot;stretch_section&quot;:&quot;section-stretched&quot;}\">\n\t\t\t\t\t\t\t<div class=\"elementor-background-overlay\"><\/div>\n\t\t\t\t\t\t\t<div class=\"elementor-container elementor-column-gap-default\">\n\t\t\t\t\t<div class=\"elementor-column elementor-col-100 elementor-top-column elementor-element elementor-element-156bfa9c\" data-id=\"156bfa9c\" data-element_type=\"column\" data-e-type=\"column\">\n\t\t\t<div class=\"elementor-widget-wrap elementor-element-populated\">\n\t\t\t\t\t\t<div class=\"elementor-element elementor-element-5a54d0c2 elementor-widget elementor-widget-heading\" data-id=\"5a54d0c2\" data-element_type=\"widget\" data-e-type=\"widget\" data-widget_type=\"heading.default\">\n\t\t\t\t<div class=\"elementor-widget-container\">\n\t\t\t\t\t<h1 class=\"elementor-heading-title elementor-size-default\">Motorradtouren<\/h1>\t\t\t\t<\/div>\n\t\t\t\t<\/div>\n\t\t\t\t\t<\/div>\n\t\t<\/div>\n\t\t\t\t\t<\/div>\n\t\t<\/section>\n\t\t\t\t<section class=\"elementor-section elementor-top-section elementor-element elementor-element-29b91e3c elementor-section-stretched elementor-section-boxed elementor-section-height-default elementor-section-height-default\" data-id=\"29b91e3c\" data-element_type=\"section\" data-e-type=\"section\" data-settings=\"{&quot;stretch_section&quot;:&quot;section-stretched&quot;}\">\n\t\t\t\t\t\t<div class=\"elementor-container elementor-column-gap-default\">\n\t\t\t\t\t<div class=\"elementor-column elementor-col-66 elementor-top-column elementor-element elementor-element-2765e949\" data-id=\"2765e949\" data-element_type=\"column\" data-e-type=\"column\">\n\t\t\t<div class=\"elementor-widget-wrap elementor-element-populated\">\n\t\t\t\t\t\t<div class=\"elementor-element elementor-element-2cdabba1 elementor-arrows-position-inside elementor-widget elementor-widget-image-carousel\" data-id=\"2cdabba1\" data-element_type=\"widget\" data-e-type=\"widget\" data-settings=\"{&quot;slides_to_show&quot;:&quot;1&quot;,&quot;navigation&quot;:&quot;arrows&quot;,&quot;autoplay&quot;:&quot;yes&quot;,&quot;pause_on_hover&quot;:&quot;yes&quot;,&quot;pause_on_interaction&quot;:&quot;yes&quot;,&quot;autoplay_speed&quot;:5000,&quot;infinite&quot;:&quot;yes&quot;,&quot;effect&quot;:&quot;slide&quot;,&quot;speed&quot;:500}\" data-widget_type=\"image-carousel.default\">\n\t\t\t\t<div class=\"elementor-widget-container\">\n\t\t\t\t\t\t\t<div class=\"elementor-image-carousel-wrapper swiper\" role=\"region\" aria-roledescription=\"carousel\" aria-label=\"Bild Karussell\" dir=\"ltr\">\n\t\t\t<div class=\"elementor-image-carousel swiper-wrapper swiper-image-stretch\" aria-live=\"off\">\n\t\t\t\t\t\t\t\t<div class=\"swiper-slide\" role=\"group\" aria-roledescription=\"slide\" aria-label=\"1 von 1\"><a data-elementor-open-lightbox=\"yes\" data-elementor-lightbox-slideshow=\"2cdabba1\" data-elementor-lightbox-title=\"biker2\" data-e-action-hash=\"#elementor-action%3Aaction%3Dlightbox%26settings%3DeyJpZCI6MzE2NywidXJsIjoiaHR0cHM6XC9cL2hvdGVsLWhpcnNjaC1wcmVkaWdlci5kZVwvd3AtY29udGVudFwvdXBsb2Fkc1wvMjAyMVwvMDVcL2Jpa2VyMi1zY2FsZWQuanBnIiwic2xpZGVzaG93IjoiMmNkYWJiYTEifQ%3D%3D\" href=\"https:\/\/hotel-hirsch-prediger.de\/wp-content\/uploads\/2021\/05\/biker2-scaled.jpg\"><figure class=\"swiper-slide-inner\"><img decoding=\"async\" class=\"swiper-slide-image\" src=\"https:\/\/hotel-hirsch-prediger.de\/wp-content\/uploads\/2021\/05\/biker2-scaled.jpg\" alt=\"biker2\" \/><\/figure><\/a><\/div>\t\t\t<\/div>\n\t\t\t\t\t<\/div>\n\t\t\t\t\t\t<\/div>\n\t\t\t\t<\/div>\n\t\t\t\t<div class=\"elementor-element elementor-element-3cdd69e5 elementor-widget elementor-widget-heading\" data-id=\"3cdd69e5\" data-element_type=\"widget\" data-e-type=\"widget\" data-widget_type=\"heading.default\">\n\t\t\t\t<div class=\"elementor-widget-container\">\n\t\t\t\t\t<h2 class=\"elementor-heading-title elementor-size-default\">Motorradtouren<\/h2>\t\t\t\t<\/div>\n\t\t\t\t<\/div>\n\t\t\t\t<div class=\"elementor-element elementor-element-6581abd9 elementor-widget elementor-widget-text-editor\" data-id=\"6581abd9\" data-element_type=\"widget\" data-e-type=\"widget\" data-widget_type=\"text-editor.default\">\n\t\t\t\t<div class=\"elementor-widget-container\">\n\t\t\t\t\t\t\t\t\t<p>R\u00f6mhild ist der ideale Ausgangspunkt f\u00fcr Motorradtouren\u00a0in den Th\u00fcringer Wald, die Ha\u00dfberge oder in die Rh\u00f6n.<\/p><p>S\u00e4mtliche Strecken sind sowohl f\u00fcr Anf\u00e4nger, Fortgeschrittene, sportlich ambitionierte als auch f\u00fcr den ruhigeren Fahrer bestens geeignet.<\/p><p>\u00a0<\/p><p>Auf Wunsch gebe ich Tipps f\u00fcr Touren oder f\u00fcr einen reizvollen Ausflug mit<\/p><p>oder sogar mal ohne Motorrad.Wenn es die Zeit zu l\u00e4sst fahre ich auch gern mal mit.<\/p><p>\u00a0<\/p><p>Kostenlose Stellpl\u00e4tze stellen wir gerne zur Verf\u00fcgung.<strong> Carport und Garage abschlie\u00dfbar.<\/strong>\u00a0<\/p><p>Nach einem gelungenen Tag ist unser Restaurantk\u00fcche von 18.00 bis 21.00 Uhr mit K\u00f6stlichkeiten aus Th\u00fcringen und gutb\u00fcrgerlichen Gerichten ge\u00f6ffnet.\u00a0Gerne richten wir f\u00fcr Gruppen ab 15 Personen auch Grillabende aus. Genie\u00dfen k\u00f6nnen Sie diese in unserem sch\u00f6nen Biergarten.<\/p><p>\u00a0<\/p><p>In Ihrem gew\u00fcnschten Zeitraum sind noch Zimmer verf\u00fcgbar, eine Option bis 4 Wochen vor Anreise ist m\u00f6glich.<\/p><p>Entdecken Sie die herrliche Umgebung von R\u00f6mhild vom Motorrad aus!<\/p><p>Ich hoffe, Ihnen sagt mein Angebot zu und wir d\u00fcrfen Sie und Ihre Freunde bei uns begr\u00fc\u00dfen und eine Runde zusammen drehen!<\/p>\t\t\t\t\t\t\t\t<\/div>\n\t\t\t\t<\/div>\n\t\t\t\t<div class=\"elementor-element elementor-element-740c3793 elementor-mobile-align-justify elementor-widget elementor-widget-button\" data-id=\"740c3793\" data-element_type=\"widget\" data-e-type=\"widget\" data-widget_type=\"button.default\">\n\t\t\t\t<div class=\"elementor-widget-container\">\n\t\t\t\t\t\t\t\t\t<div class=\"elementor-button-wrapper\">\n\t\t\t\t\t<a class=\"elementor-button elementor-button-link elementor-size-sm elementor-animation-shrink\" href=\"https:\/\/hotel-hirsch-prediger.de\/?page_id=2792\">\n\t\t\t\t\t\t<span class=\"elementor-button-content-wrapper\">\n\t\t\t\t\t\t\t\t\t<span class=\"elementor-button-text\">Jetzt Buchungsanfrage stellen!<\/span>\n\t\t\t\t\t<\/span>\n\t\t\t\t\t<\/a>\n\t\t\t\t<\/div>\n\t\t\t\t\t\t\t\t<\/div>\n\t\t\t\t<\/div>\n\t\t\t\t\t<\/div>\n\t\t<\/div>\n\t\t\t\t<div class=\"elementor-column elementor-col-33 elementor-top-column elementor-element elementor-element-64d133a2\" data-id=\"64d133a2\" data-element_type=\"column\" data-e-type=\"column\">\n\t\t\t<div class=\"elementor-widget-wrap\">\n\t\t\t\t\t\t\t<\/div>\n\t\t<\/div>\n\t\t\t\t\t<\/div>\n\t\t<\/section>\n\t\t\t\t<\/div>\n\t\t","protected":false},"excerpt":{"rendered":"<p>Motorradtouren R\u00f6mhild ist der ideale Ausgangspunkt f\u00fcr Motorradtouren\u00a0in den Th\u00fcringer Wald, die Ha\u00dfberge oder in die Rh\u00f6n. S\u00e4mtliche Strecken sind sowohl f\u00fcr Anf\u00e4nger, Fortgeschrittene, sportlich ambitionierte als auch f\u00fcr den ruhigeren Fahrer bestens geeignet. \u00a0 Auf Wunsch gebe ich Tipps f\u00fcr Touren oder f\u00fcr einen reizvollen Ausflug mit oder sogar mal ohne Motorrad.Wenn es die&hellip; <a class=\"more-link\" href=\"https:\/\/hotel-hirsch-prediger.de\/?page_id=2802\"><span class=\"screen-reader-text\">Motorradtouren<\/span> weiterlesen<\/a><\/p>\n","protected":false},"author":1,"featured_media":0,"parent":0,"menu_order":0,"comment_status":"closed","ping_status":"closed","template":"","meta":{"footnotes":""},"class_list":["post-2802","page","type-page","status-publish","hentry","entry"],"_links":{"self":[{"href":"https:\/\/hotel-hirsch-prediger.de\/index.php?rest_route=\/wp\/v2\/pages\/2802","targetHints":{"allow":["GET"]}}],"collection":[{"href":"https:\/\/hotel-hirsch-prediger.de\/index.php?rest_route=\/wp\/v2\/pages"}],"about":[{"href":"https:\/\/hotel-hirsch-prediger.de\/index.php?rest_route=\/wp\/v2\/types\/page"}],"author":[{"embeddable":true,"href":"https:\/\/hotel-hirsch-prediger.de\/index.php?rest_route=\/wp\/v2\/users\/1"}],"replies":[{"embeddable":true,"href":"https:\/\/hotel-hirsch-prediger.de\/index.php?rest_route=%2Fwp%2Fv2%2Fcomments&post=2802"}],"version-history":[{"count":10,"href":"https:\/\/hotel-hirsch-prediger.de\/index.php?rest_route=\/wp\/v2\/pages\/2802\/revisions"}],"predecessor-version":[{"id":3351,"href":"https:\/\/hotel-hirsch-prediger.de\/index.php?rest_route=\/wp\/v2\/pages\/2802\/revisions\/3351"}],"wp:attachment":[{"href":"https:\/\/hotel-hirsch-prediger.de\/index.php?rest_route=%2Fwp%2Fv2%2Fmedia&parent=2802"}],"curies":[{"name":"wp","href":"https:\/\/api.w.org\/{rel}","templated":true}]}}